{"id":3358,"date":"2019-12-11T13:06:29","date_gmt":"2019-12-11T12:06:29","guid":{"rendered":"https:\/\/www.yachtingline.it\/photo-gallery\/"},"modified":"2023-11-11T15:14:36","modified_gmt":"2023-11-11T14:14:36","slug":"photo-gallery","status":"publish","type":"page","link":"https:\/\/www.yachtingline.it\/en\/photo-gallery\/","title":{"rendered":"Photo Gallery"},"content":{"rendered":"<p>[et_pb_section fb_built=&#8221;1&#8243; fullwidth=&#8221;on&#8221; disabled_on=&#8221;on|on|off&#8221; admin_label=&#8221;Page Header DT&#8221; _builder_version=&#8221;3.27.4&#8243; background_image=&#8221;https:\/\/www.yachtingline.it\/wp-content\/uploads\/2019\/12\/Yachtingline_dojo-refit-classic-feadship-yacht-hero-credit-thierry-Ameller-.jpg&#8221; parallax=&#8221;on&#8221; parallax_method=&#8221;off&#8221; custom_margin=&#8221;||&#8221; custom_padding=&#8221;||||false|true&#8221; locked=&#8221;off&#8221; global_colors_info=&#8221;{}&#8221;][et_pb_fullwidth_header text_orientation=&#8221;center&#8221; header_fullscreen=&#8221;on&#8221; header_scroll_down=&#8221;on&#8221; scroll_down_icon=&#8221;%%0%%&#8221; scroll_down_icon_size=&#8221;30px&#8221; button_one_url=&#8221;#&#8221; button_two_url=&#8221;#&#8221; admin_label=&#8221;Hero Section&#8221; _builder_version=&#8221;3.27.4&#8243; title_font=&#8221;|300|||||||&#8221; title_font_size=&#8221;38px&#8221; title_letter_spacing=&#8221;28px&#8221; title_line_height=&#8221;1.2em&#8221; content_font=&#8221;||||||||&#8221; content_font_size=&#8221;22px&#8221; content_line_height=&#8221;1.8em&#8221; subhead_font=&#8221;||||&#8221; background_color=&#8221;rgba(255,255,255,0)&#8221; use_background_color_gradient=&#8221;on&#8221; background_color_gradient_start=&#8221;rgba(0,0,0,0.65)&#8221; background_color_gradient_end=&#8221;rgba(0,0,0,0)&#8221; custom_button_one=&#8221;on&#8221; button_one_text_size=&#8221;16px&#8221; button_one_bg_color=&#8221;#6eba01&#8243; button_one_border_width=&#8221;2px&#8221; button_one_border_color=&#8221;#6eba01&#8243; button_one_font=&#8221;Montserrat|||on|&#8221; button_one_use_icon=&#8221;off&#8221; custom_button_two=&#8221;on&#8221; button_two_text_size=&#8221;16px&#8221; button_two_border_width=&#8221;2px&#8221; button_two_border_color=&#8221;#ffffff&#8221; button_two_font=&#8221;Montserrat|||on|&#8221; button_two_use_icon=&#8221;off&#8221; module_alignment=&#8221;left&#8221; custom_margin=&#8221;|||||true&#8221; custom_padding=&#8221;|||||true&#8221; animation_style=&#8221;fade&#8221; title_text_shadow_style=&#8221;preset1&#8243; button_one_text_color_hover=&#8221;#6eba01&#8243; button_two_text_color_hover=&#8221;#6eba01&#8243; button_one_border_color_hover=&#8221;#ffffff&#8221; button_two_border_color_hover=&#8221;#ffffff&#8221; button_one_border_radius_hover=&#8221;0&#8243; button_two_border_radius_hover=&#8221;0&#8243; button_one_letter_spacing_hover=&#8221;2&#8243; button_two_letter_spacing_hover=&#8221;2&#8243; button_one_bg_color_hover=&#8221;#ffffff&#8221; button_two_bg_color_hover=&#8221;#ffffff&#8221; global_colors_info=&#8221;{}&#8221; button_one_text_size__hover_enabled=&#8221;off&#8221; button_two_text_size__hover_enabled=&#8221;off&#8221; button_one_text_color__hover_enabled=&#8221;on&#8221; button_one_text_color__hover=&#8221;#6eba01&#8243; button_two_text_color__hover_enabled=&#8221;on&#8221; button_two_text_color__hover=&#8221;#6eba01&#8243; button_one_border_width__hover_enabled=&#8221;off&#8221; button_two_border_width__hover_enabled=&#8221;off&#8221; button_one_border_color__hover_enabled=&#8221;on&#8221; button_one_border_color__hover=&#8221;#ffffff&#8221; button_two_border_color__hover_enabled=&#8221;on&#8221; button_two_border_color__hover=&#8221;#ffffff&#8221; button_one_border_radius__hover_enabled=&#8221;on&#8221; button_one_border_radius__hover=&#8221;0&#8243; button_two_border_radius__hover_enabled=&#8221;on&#8221; button_two_border_radius__hover=&#8221;0&#8243; button_one_letter_spacing__hover_enabled=&#8221;on&#8221; button_one_letter_spacing__hover=&#8221;2&#8243; button_two_letter_spacing__hover_enabled=&#8221;on&#8221; button_two_letter_spacing__hover=&#8221;2&#8243; button_one_bg_color__hover_enabled=&#8221;on&#8221; button_one_bg_color__hover=&#8221;#ffffff&#8221; button_two_bg_color__hover_enabled=&#8221;on&#8221; button_two_bg_color__hover=&#8221;#ffffff&#8221;]<\/p>\n<h1>A DELIGHTFUL SHADE ON WORLDWIDE SEAS<\/h1>\n<p>[\/et_pb_fullwidth_header][\/et_pb_section][et_pb_section fb_built=&#8221;1&#8243; fullwidth=&#8221;on&#8221; disabled_on=&#8221;off|off|on&#8221; admin_label=&#8221;Page Header MOB&#8221; _builder_version=&#8221;3.27.4&#8243; background_image=&#8221;https:\/\/www.yachtingline.it\/wp-content\/uploads\/2019\/12\/Yachtingline_dojo-refit-classic-feadship-yacht-hero-credit-thierry-Ameller-.jpg&#8221; parallax=&#8221;on&#8221; parallax_method=&#8221;off&#8221; custom_margin=&#8221;||&#8221; custom_padding=&#8221;|0||0|false|true&#8221; locked=&#8221;off&#8221; global_colors_info=&#8221;{}&#8221;][et_pb_fullwidth_header text_orientation=&#8221;center&#8221; header_fullscreen=&#8221;on&#8221; header_scroll_down=&#8221;on&#8221; scroll_down_icon=&#8221;%%0%%&#8221; scroll_down_icon_size=&#8221;30px&#8221; button_one_url=&#8221;#&#8221; button_two_url=&#8221;#&#8221; admin_label=&#8221;Hero Section&#8221; _builder_version=&#8221;3.27.4&#8243; title_font=&#8221;|300|||||||&#8221; title_font_size=&#8221;22px&#8221; title_letter_spacing=&#8221;16px&#8221; title_line_height=&#8221;1.2em&#8221; content_font=&#8221;||||||||&#8221; content_font_size=&#8221;22px&#8221; content_line_height=&#8221;1.8em&#8221; subhead_font=&#8221;||||&#8221; background_color=&#8221;rgba(255,255,255,0)&#8221; use_background_color_gradient=&#8221;on&#8221; background_color_gradient_start=&#8221;rgba(0,0,0,0.65)&#8221; background_color_gradient_end=&#8221;rgba(0,0,0,0)&#8221; custom_button_one=&#8221;on&#8221; button_one_text_size=&#8221;16px&#8221; button_one_bg_color=&#8221;#6eba01&#8243; button_one_border_width=&#8221;2px&#8221; button_one_border_color=&#8221;#6eba01&#8243; button_one_font=&#8221;Montserrat|||on|&#8221; button_one_use_icon=&#8221;off&#8221; custom_button_two=&#8221;on&#8221; button_two_text_size=&#8221;16px&#8221; button_two_border_width=&#8221;2px&#8221; button_two_border_color=&#8221;#ffffff&#8221; button_two_font=&#8221;Montserrat|||on|&#8221; button_two_use_icon=&#8221;off&#8221; module_alignment=&#8221;left&#8221; custom_margin=&#8221;|||||true&#8221; custom_padding=&#8221;|||||true&#8221; animation_style=&#8221;fade&#8221; title_font_size_last_edited=&#8221;off|desktop&#8221; title_text_shadow_style=&#8221;preset1&#8243; button_one_text_color_hover=&#8221;#6eba01&#8243; button_two_text_color_hover=&#8221;#6eba01&#8243; button_one_border_color_hover=&#8221;#ffffff&#8221; button_two_border_color_hover=&#8221;#ffffff&#8221; button_one_border_radius_hover=&#8221;0&#8243; button_two_border_radius_hover=&#8221;0&#8243; button_one_letter_spacing_hover=&#8221;2&#8243; button_two_letter_spacing_hover=&#8221;2&#8243; button_one_bg_color_hover=&#8221;#ffffff&#8221; button_two_bg_color_hover=&#8221;#ffffff&#8221; global_colors_info=&#8221;{}&#8221; button_one_text_size__hover_enabled=&#8221;off&#8221; button_two_text_size__hover_enabled=&#8221;off&#8221; button_one_text_color__hover_enabled=&#8221;on&#8221; button_one_text_color__hover=&#8221;#6eba01&#8243; button_two_text_color__hover_enabled=&#8221;on&#8221; button_two_text_color__hover=&#8221;#6eba01&#8243; button_one_border_width__hover_enabled=&#8221;off&#8221; button_two_border_width__hover_enabled=&#8221;off&#8221; button_one_border_color__hover_enabled=&#8221;on&#8221; button_one_border_color__hover=&#8221;#ffffff&#8221; button_two_border_color__hover_enabled=&#8221;on&#8221; button_two_border_color__hover=&#8221;#ffffff&#8221; button_one_border_radius__hover_enabled=&#8221;on&#8221; button_one_border_radius__hover=&#8221;0&#8243; button_two_border_radius__hover_enabled=&#8221;on&#8221; button_two_border_radius__hover=&#8221;0&#8243; button_one_letter_spacing__hover_enabled=&#8221;on&#8221; button_one_letter_spacing__hover=&#8221;2&#8243; button_two_letter_spacing__hover_enabled=&#8221;on&#8221; button_two_letter_spacing__hover=&#8221;2&#8243; button_one_bg_color__hover_enabled=&#8221;on&#8221; button_one_bg_color__hover=&#8221;#ffffff&#8221; button_two_bg_color__hover_enabled=&#8221;on&#8221; button_two_bg_color__hover=&#8221;#ffffff&#8221;]<\/p>\n<h1>A DELIGHTFUL SHADE ON WORLDWIDE SEAS<\/h1>\n<p>[\/et_pb_fullwidth_header][\/et_pb_section][et_pb_section fb_built=&#8221;1&#8243; disabled_on=&#8221;on|on|on&#8221; admin_label=&#8221;Intro Section&#8221; _builder_version=&#8221;3.27.4&#8243; custom_padding=&#8221;55px|0px|0|0px|false|false&#8221; disabled=&#8221;on&#8221; global_colors_info=&#8221;{}&#8221;][et_pb_row admin_label=&#8221;Section Header&#8221; _builder_version=&#8221;3.25&#8243; module_alignment=&#8221;center&#8221; custom_margin=&#8221;-40px||&#8221; custom_padding=&#8221;|0px|25px|0px|false|false&#8221; global_colors_info=&#8221;{}&#8221;][et_pb_column type=&#8221;4_4&#8243; _builder_version=&#8221;3.25&#8243; custom_padding=&#8221;|||&#8221; global_colors_info=&#8221;{}&#8221; custom_padding__hover=&#8221;|||&#8221;][et_pb_text admin_label=&#8221;Tittle&#8221; _builder_version=&#8221;3.27.4&#8243; text_font=&#8221;||||||||&#8221; header_font=&#8221;|300||on|||||&#8221; header_2_font=&#8221;||||||||&#8221; header_2_text_align=&#8221;center&#8221; header_2_text_color=&#8221;#005C69&#8243; header_2_font_size=&#8221;40px&#8221; header_2_letter_spacing=&#8221;1px&#8221; module_alignment=&#8221;center&#8221; custom_padding=&#8221;||25px&#8221; header_font_size_tablet=&#8221;&#8221; header_font_size_phone=&#8221;26px&#8221; header_font_size_last_edited=&#8221;on|phone&#8221; global_colors_info=&#8221;{}&#8221;]<\/p>\n<h1>Take a look at our projects<\/h1>\n<p>[\/et_pb_text][et_pb_text disabled_on=&#8221;on|on|on&#8221; admin_label=&#8221;Subtittle&#8221; _builder_version=&#8221;3.27.4&#8243; text_font=&#8221;||||||||&#8221; text_text_color=&#8221;#787070&#8243; header_font_size=&#8221;16px&#8221; header_letter_spacing=&#8221;2px&#8221; header_line_height=&#8221;1.7em&#8221; max_width_tablet=&#8221;&#8221; max_width_phone=&#8221;&#8221; max_width_last_edited=&#8221;on|desktop&#8221; module_alignment=&#8221;center&#8221; custom_margin=&#8221;-30px|||&#8221; custom_padding=&#8221;||0px|||&#8221; disabled=&#8221;on&#8221; global_colors_info=&#8221;{}&#8221;]La <strong>gamma di colori<\/strong> disponibili per la copertura \u00e8 <strong>straordinariamente varia<\/strong>, dai pi\u00f9 classici e sobri ai pi\u00f9 vivaci e brillanti. I <strong>bordini di finitura<\/strong> della capote Classic o di ogni singola falda della capote Multivalvola\u00ae System possono essere realizzati in tinta con la copertura oppure in colori diversi per ottenere <strong>originali effetti di contrasto<\/strong>.[\/et_pb_text][\/et_pb_column][\/et_pb_row][\/et_pb_section][et_pb_section fb_built=&#8221;1&#8243; admin_label=&#8221;Gallery Section&#8221; _builder_version=&#8221;3.22.3&#8243; custom_padding=&#8221;55px|0px|0|0px|false|false&#8221; global_colors_info=&#8221;{}&#8221;][et_pb_row use_custom_gutter=&#8221;on&#8221; gutter_width=&#8221;2&#8243; admin_label=&#8221;Container&#8221; _builder_version=&#8221;3.27.4&#8243; custom_padding=&#8221;36px|0px|0|0px|false|false&#8221; global_colors_info=&#8221;{}&#8221;][et_pb_column type=&#8221;4_4&#8243; _builder_version=&#8221;3.27.4&#8243; custom_padding=&#8221;|||&#8221; global_colors_info=&#8221;{}&#8221; custom_padding__hover=&#8221;|||&#8221;][et_pb_gallery gallery_ids=&#8221;3339,2437,2435,2390,2392,2433,2384,2386,896,811,784,75,79,81,83,69,71,73,65,3265,3267,3273,3275,3278,3284,3287,782,3291,3294,3282,3296,3298,3302,3271,3305,3307,3310,3313,3317,3320,77,159,67,3322,3324,3326,3330,3333,3335,3337,3344,3347,3349,3351,161,3353,3355&#8243; posts_number=&#8221;16&#8243; show_title_and_caption=&#8221;off&#8221; _builder_version=&#8221;3.27.4&#8243; title_font=&#8221;|600|||||||&#8221; title_text_color=&#8221;#666666&#8243; caption_font=&#8221;||||||||&#8221; caption_line_height=&#8221;5px&#8221; pagination_font=&#8221;||||||||&#8221; custom_margin=&#8221;|||&#8221; custom_padding=&#8221;|||||true&#8221; global_colors_info=&#8221;{}&#8221;][\/et_pb_gallery][\/et_pb_column][\/et_pb_row][\/et_pb_section][et_pb_section fb_built=&#8221;1&#8243; admin_label=&#8221;Download catalog section&#8221; _builder_version=&#8221;3.21.4&#8243; use_background_color_gradient=&#8221;on&#8221; background_color_gradient_start=&#8221;rgba(0,0,0,0.8)&#8221; background_color_gradient_end=&#8221;rgba(0,0,0,0)&#8221; background_color_gradient_direction=&#8221;87deg&#8221; background_color_gradient_overlays_image=&#8221;on&#8221; background_image=&#8221;https:\/\/www.yachtingline.it\/wp-content\/uploads\/2019\/04\/yachtingline-umbrellas-catalog.jpg&#8221; custom_padding=&#8221;||||false|false&#8221; global_module=&#8221;2250&#8243; saved_tabs=&#8221;all&#8221; global_colors_info=&#8221;{}&#8221;][et_pb_row disabled_on=&#8221;off|off|off&#8221; _builder_version=&#8221;3.25&#8243; background_color_gradient_direction=&#8221;90deg&#8221; custom_padding=&#8221;70px||70px||true|false&#8221; filter_saturate=&#8221;110%&#8221; filter_contrast=&#8221;140%&#8221; animation_style=&#8221;fade&#8221; global_colors_info=&#8221;{}&#8221; column_structure=&#8221;1_2,1_2&#8243;][et_pb_column type=&#8221;1_2&#8243; _builder_version=&#8221;3.25&#8243; custom_padding=&#8221;|||&#8221; global_colors_info=&#8221;{}&#8221; custom_padding__hover=&#8221;|||&#8221;][et_pb_text admin_label=&#8221;Tittle&#8221; _builder_version=&#8221;4.14.7&#8243; text_text_color=&#8221;#ffffff&#8221; text_font_size=&#8221;18px&#8221; header_font=&#8221;|300||on|||||&#8221; header_text_align=&#8221;left&#8221; header_2_font=&#8221;||||||||&#8221; header_2_text_color=&#8221;#ffffff&#8221; header_2_font_size=&#8221;42px&#8221; header_3_font=&#8221;||||||||&#8221; max_width_last_edited=&#8221;off|desktop&#8221; custom_margin=&#8221;|||&#8221; hover_enabled=&#8221;0&#8243; global_colors_info=&#8221;{}&#8221; sticky_enabled=&#8221;0&#8243;]<\/p>\n<h1>Take a look at our Catalogue<\/h1>\n<p>[\/et_pb_text][et_pb_button button_url=&#8221;\/wp-content\/uploads\/2019\/05\/YL_brochure2014-agg2019_eng_web.pdf&#8221; url_new_window=&#8221;on&#8221; button_text=&#8221;DOWNLOAD&#8221; _builder_version=&#8221;4.13.0&#8243; button_icon=&#8221;&#x22;||divi||400&#8243; background_layout=&#8221;dark&#8221; custom_margin=&#8221;|||&#8221; custom_padding=&#8221;12px|40px|12px|40px|true|true&#8221; global_colors_info=&#8221;{}&#8221;][\/et_pb_button][\/et_pb_column][et_pb_column type=&#8221;1_2&#8243; _builder_version=&#8221;3.25&#8243; custom_padding=&#8221;|||&#8221; global_colors_info=&#8221;{}&#8221; custom_padding__hover=&#8221;|||&#8221;][\/et_pb_column][\/et_pb_row][\/et_pb_section][et_pb_section fb_built=&#8221;1&#8243; fullwidth=&#8221;on&#8221; disabled_on=&#8221;on|on|off&#8221; admin_label=&#8221;End section DT&#8221; _builder_version=&#8221;3.27.4&#8243; background_image=&#8221;https:\/\/www.yachtingline.it\/wp-content\/uploads\/2019\/12\/yachtingline-girasole-umbrellas-inox-multivalvola-Luxury-motor-yacht-Galaxy-Jeff-Brown.jpg&#8221; parallax=&#8221;on&#8221; parallax_method=&#8221;off&#8221; custom_padding=&#8221;0||0||true|true&#8221; locked=&#8221;off&#8221; global_colors_info=&#8221;{}&#8221;][et_pb_fullwidth_header title=&#8221;The shade of luxury&#8221; text_orientation=&#8221;center&#8221; header_fullscreen=&#8221;on&#8221; background_overlay_color=&#8221;rgba(0,0,0,0.2)&#8221; _builder_version=&#8221;3.21.4&#8243; title_font=&#8221;|300||on|||||&#8221; title_font_size=&#8221;38px&#8221; title_letter_spacing=&#8221;28px&#8221; title_line_height=&#8221;1.4em&#8221; background_color=&#8221;rgba(16,28,38,0.12)&#8221; custom_padding=&#8221;||||true&#8221; title_text_shadow_style=&#8221;preset1&#8243; global_colors_info=&#8221;{}&#8221;][\/et_pb_fullwidth_header][\/et_pb_section][et_pb_section fb_built=&#8221;1&#8243; fullwidth=&#8221;on&#8221; disabled_on=&#8221;off|off|on&#8221; admin_label=&#8221;End section MOB&#8221; _builder_version=&#8221;3.27.4&#8243; background_image=&#8221;https:\/\/www.yachtingline.it\/wp-content\/uploads\/2019\/12\/yachtingline-girasole-umbrellas-inox-multivalvola-Luxury-motor-yacht-Galaxy-Jeff-Brown.jpg&#8221; parallax=&#8221;on&#8221; parallax_method=&#8221;off&#8221; custom_padding=&#8221;0||0||true|true&#8221; locked=&#8221;off&#8221; global_colors_info=&#8221;{}&#8221;][et_pb_fullwidth_header title=&#8221;The shade of luxury&#8221; text_orientation=&#8221;center&#8221; header_fullscreen=&#8221;on&#8221; background_overlay_color=&#8221;rgba(0,0,0,0.2)&#8221; _builder_version=&#8221;3.21.4&#8243; title_font=&#8221;|300||on|||||&#8221; title_font_size=&#8221;26px&#8221; title_letter_spacing=&#8221;26px&#8221; title_line_height=&#8221;1.4em&#8221; background_color=&#8221;rgba(16,28,38,0.12)&#8221; custom_padding=&#8221;||||true&#8221; title_text_shadow_style=&#8221;preset1&#8243; global_colors_info=&#8221;{}&#8221;][\/et_pb_fullwidth_header][\/et_pb_section][et_pb_section fb_built=&#8221;1&#8243; admin_label=&#8221;Footer&#8221; _builder_version=&#8221;3.22.3&#8243; background_color=&#8221;#101C26&#8243; custom_padding=&#8221;0|0px|0|0px|false|false&#8221; global_module=&#8221;391&#8243; global_colors_info=&#8221;{}&#8221;][et_pb_row column_structure=&#8221;1_4,1_4,1_4,1_4&#8243; _builder_version=&#8221;3.25&#8243; custom_padding=&#8221;65px|0px|63px|0px|false|false&#8221; global_colors_info=&#8221;{}&#8221;][et_pb_column type=&#8221;1_4&#8243; _builder_version=&#8221;3.25&#8243; custom_padding=&#8221;|||&#8221; global_colors_info=&#8221;{}&#8221; custom_padding__hover=&#8221;|||&#8221;][et_pb_image src=&#8221;https:\/\/www.yachtingline.it\/wp-content\/uploads\/2019\/04\/white-orlogo.png&#8221; align_tablet=&#8221;center&#8221; align_phone=&#8221;&#8221; align_last_edited=&#8221;on|desktop&#8221; _builder_version=&#8221;3.23&#8243; global_colors_info=&#8221;{}&#8221;][\/et_pb_image][\/et_pb_column][et_pb_column type=&#8221;1_4&#8243; _builder_version=&#8221;3.25&#8243; custom_padding=&#8221;|||&#8221; global_colors_info=&#8221;{}&#8221; custom_padding__hover=&#8221;|||&#8221;][et_pb_text _builder_version=&#8221;3.27.4&#8243; text_font=&#8221;||||||||&#8221; text_text_color=&#8221;#ffffff&#8221; text_font_size=&#8221;15px&#8221; header_font=&#8221;||||||||&#8221; header_3_font=&#8221;||||||||&#8221; header_3_text_color=&#8221;#287ABE&#8221; header_3_font_size=&#8221;20px&#8221; global_colors_info=&#8221;{}&#8221;]<strong>YACHTINGLINE\u00ae <\/strong><br \/>\nis a registered trademark of<br \/>\n<strong>GARDENART s.r.l.<\/strong><\/p>\n<p>Via Torcicoda 111\/1<br \/>\n50142 Firenze (ITALY)<\/p>\n<h3>Contatti<\/h3>\n<p>Tel. (+39) 055 7330420<br \/>\nFax (+39) 055 7330985<br \/>\nE-mail <a href=\"mailto:info@yachtingline.it\">info@yachtingline.it<\/a>[\/et_pb_text][\/et_pb_column][et_pb_column type=&#8221;1_4&#8243; _builder_version=&#8221;3.25&#8243; custom_padding=&#8221;|||&#8221; global_colors_info=&#8221;{}&#8221; custom_padding__hover=&#8221;|||&#8221;][et_pb_text _builder_version=&#8221;3.27.4&#8243; text_font=&#8221;||||||||&#8221; text_text_color=&#8221;#ffffff&#8221; text_font_size=&#8221;15px&#8221; header_font=&#8221;||||||||&#8221; header_3_font=&#8221;||||||||&#8221; header_3_text_color=&#8221;#287ABE&#8221; header_3_font_size=&#8221;20px&#8221; global_colors_info=&#8221;{}&#8221;]<\/p>\n<h3>Opening hours<\/h3>\n<p>Monday to Friday 8.30AM &#8211; 5.00PM<br \/>\nOpen all day[\/et_pb_text][et_pb_social_media_follow _builder_version=&#8221;3.22.7&#8243; global_colors_info=&#8221;{}&#8221;][et_pb_social_media_follow_network social_network=&#8221;instagram&#8221; url=&#8221;https:\/\/www.instagram.com\/yachtingline&#8221; _builder_version=&#8221;3.22.7&#8243; border_radii=&#8221;on|100%|100%|100%|100%&#8221; border_width_all=&#8221;2px&#8221; border_color_all=&#8221;#ffffff&#8221; global_colors_info=&#8221;{}&#8221; follow_button=&#8221;off&#8221; url_new_window=&#8221;on&#8221;]instagram[\/et_pb_social_media_follow_network][et_pb_social_media_follow_network social_network=&#8221;pinterest&#8221; url=&#8221;https:\/\/www.pinterest.it\/yachtingline\/&#8221; _builder_version=&#8221;3.22.7&#8243; border_radii=&#8221;on|100%|100%|100%|100%&#8221; border_width_all=&#8221;2px&#8221; border_color_all=&#8221;#ffffff&#8221; global_colors_info=&#8221;{}&#8221; follow_button=&#8221;off&#8221; url_new_window=&#8221;on&#8221;]pinterest[\/et_pb_social_media_follow_network][\/et_pb_social_media_follow][et_pb_text _builder_version=&#8221;3.27.4&#8243; text_font=&#8221;||||||||&#8221; text_text_color=&#8221;#ffffff&#8221; text_font_size=&#8221;15px&#8221; header_font=&#8221;||||||||&#8221; header_3_font=&#8221;||||||||&#8221; header_3_text_color=&#8221;#287ABE&#8221; header_3_font_size=&#8221;20px&#8221; global_colors_info=&#8221;{}&#8221;]We are on the online boating exhibition<br \/>\n<a href=\"http:\/\/www.nauticexpo.it\/prod\/yachting-line-26368.html\" target=\"_blank\" rel=\"noopener noreferrer\"><img loading=\"lazy\" class=\"alignnone wp-image-3138 size-full\" src=\"https:\/\/www.yachtingline.it\/wp-content\/uploads\/2018\/12\/nautiexpo-logo-1-e1557325836234.png\" alt=\"\" width=\"82\" height=\"50\" \/><\/a>[\/et_pb_text][\/et_pb_column][et_pb_column type=&#8221;1_4&#8243; _builder_version=&#8221;3.25&#8243; custom_padding=&#8221;|||&#8221; global_colors_info=&#8221;{}&#8221; custom_padding__hover=&#8221;|||&#8221;][et_pb_text admin_label=&#8221;Menu Footer&#8221; _builder_version=&#8221;3.27.4&#8243; text_font=&#8221;||||||||&#8221; text_font_size=&#8221;15px&#8221; header_font=&#8221;||||||||&#8221; global_colors_info=&#8221;{}&#8221;]<a href=\"https:\/\/www.yachtingline.it\/en\/privacy-policy\/\">Privacy Policy<\/a><\/p>\n<p><a href=\"https:\/\/www.yachtingline.it\/en\/warranty\/\">Warranty<\/a><\/p>\n<p><a href=\"https:\/\/www.yachtingline.it\/en\/care-and-maintenance\/\">Care and Maintenace<\/a><\/p>\n<p><a href=\"\/en\/catalog\">Catalog<\/a>[\/et_pb_text][\/et_pb_column][\/et_pb_row][\/et_pb_section]<\/p>\n","protected":false},"excerpt":{"rendered":"<p>A DELIGHTFUL SHADE ON WORLDWIDE SEASA DELIGHTFUL SHADE ON WORLDWIDE SEASTake a look at our projectsLa gamma di colori disponibili per la copertura \u00e8 straordinariamente varia, dai pi\u00f9 classici e sobri ai pi\u00f9 vivaci e brillanti. I bordini di finitura della capote Classic o di ogni singola falda della capote Multivalvola\u00ae System possono essere realizzati [&hellip;]<\/p>\n","protected":false},"author":2,"featured_media":0,"parent":0,"menu_order":0,"comment_status":"closed","ping_status":"closed","template":"","meta":{"_et_pb_use_builder":"on","_et_pb_old_content":"","_et_gb_content_width":""},"_links":{"self":[{"href":"https:\/\/www.yachtingline.it\/en\/wp-json\/wp\/v2\/pages\/3358"}],"collection":[{"href":"https:\/\/www.yachtingline.it\/en\/wp-json\/wp\/v2\/pages"}],"about":[{"href":"https:\/\/www.yachtingline.it\/en\/wp-json\/wp\/v2\/types\/page"}],"author":[{"embeddable":true,"href":"https:\/\/www.yachtingline.it\/en\/wp-json\/wp\/v2\/users\/2"}],"replies":[{"embeddable":true,"href":"https:\/\/www.yachtingline.it\/en\/wp-json\/wp\/v2\/comments?post=3358"}],"version-history":[{"count":4,"href":"https:\/\/www.yachtingline.it\/en\/wp-json\/wp\/v2\/pages\/3358\/revisions"}],"predecessor-version":[{"id":3398,"href":"https:\/\/www.yachtingline.it\/en\/wp-json\/wp\/v2\/pages\/3358\/revisions\/3398"}],"wp:attachment":[{"href":"https:\/\/www.yachtingline.it\/en\/wp-json\/wp\/v2\/media?parent=3358"}],"curies":[{"name":"wp","href":"https:\/\/api.w.org\/{rel}","templated":true}]}}